{"id":5789,"date":"2025-07-04T12:10:43","date_gmt":"2025-07-04T12:10:43","guid":{"rendered":"https:\/\/modestmillionaires.com\/contact\/"},"modified":"2025-10-09T09:26:09","modified_gmt":"2025-10-09T09:26:09","slug":"contact","status":"publish","type":"page","link":"https:\/\/modestmillionaires.com\/fr\/contact\/","title":{"rendered":"Contact"},"content":{"rendered":"\t\t<div data-elementor-type=\"wp-page\" data-elementor-id=\"5789\" class=\"elementor elementor-5789 elementor-540\" data-elementor-post-type=\"page\">\n\t\t\t\t<div class=\"elementor-element elementor-element-7b3ea76 e-flex e-con-boxed e-con e-parent\" data-id=\"7b3ea76\" data-element_type=\"container\" data-e-type=\"container\">\n\t\t\t\t\t<div class=\"e-con-inner\">\n\t\t<div class=\"elementor-element elementor-element-8c469de e-con-full e-flex e-con e-child\" data-id=\"8c469de\" data-element_type=\"container\" data-e-type=\"container\">\n\t\t\t\t<div class=\"elementor-element elementor-element-177c498 elementor-widget__width-initial elementor-widget elementor-widget-heading\" data-id=\"177c498\" data-element_type=\"widget\" data-e-type=\"widget\" data-widget_type=\"heading.default\">\n\t\t\t\t\t<h1 class=\"elementor-heading-title elementor-size-default\">Vous avez une question, une id\u00e9e de collaboration ou vous souhaitez simplement entrer en contact ?<\/h1>\t\t\t\t<\/div>\n\t\t\t\t<div class=\"elementor-element elementor-element-f034e3b elementor-widget elementor-widget-text-editor\" data-id=\"f034e3b\" data-element_type=\"widget\" data-e-type=\"widget\" data-widget_type=\"text-editor.default\">\n\t\t\t\t\t\t\t\t\t<p>N&rsquo;h\u00e9sitez pas \u00e0 me faire part de vos commentaires !<br><br>Vous pouvez me contacter par courriel ou par les m\u00e9dias sociaux &#8211; ou utiliser le formulaire ci-dessous s&rsquo;il fonctionne (il est encore en cours d&rsquo;\u00e9laboration !).<\/p>\t\t\t\t\t\t\t\t<\/div>\n\t\t<div class=\"elementor-element elementor-element-1f1523a e-con-full e-flex e-con e-child\" data-id=\"1f1523a\" data-element_type=\"container\" data-e-type=\"container\">\n\t\t\t\t<div class=\"elementor-element elementor-element-47859a3 elementor-icon-list--layout-inline elementor-widget__width-initial elementor-list-item-link-full_width elementor-widget elementor-widget-icon-list\" data-id=\"47859a3\" data-element_type=\"widget\" data-e-type=\"widget\" data-widget_type=\"icon-list.default\">\n\t\t\t\t\t\t\t<ul class=\"elementor-icon-list-items elementor-inline-items\">\n\t\t\t\t\t\t\t<li class=\"elementor-icon-list-item elementor-inline-item\">\n\t\t\t\t\t\t\t\t\t\t\t<a href=\"mailto:modmillionaire@gmail.com\">\n\n\t\t\t\t\t\t\t\t\t\t\t\t<span class=\"elementor-icon-list-icon\">\n\t\t\t\t\t\t\t<svg xmlns=\"http:\/\/www.w3.org\/2000\/svg\" width=\"27\" height=\"26\" viewBox=\"0 0 27 26\" fill=\"none\"><g clip-path=\"url(#clip0_354_1581)\"><path d=\"M22 26H5.75C3.05738 26 0.875 23.8176 0.875 21.125V4.875C0.875 2.18238 3.05738 0 5.75 0H22C24.6926 0 26.875 2.18238 26.875 4.875V21.125C26.875 23.8176 24.6926 26 22 26Z\" fill=\"#3C73A8\"><\/path><path d=\"M16.8544 11.375C17.7498 11.375 18.5843 11.6358 19.2919 12.0802V7.85444C19.2919 7.10612 18.6858 6.5 17.9375 6.5H8.72944C7.98112 6.5 7.375 7.10612 7.375 7.85444V12.7294C7.375 13.4769 7.98112 14.0839 8.72944 14.0839H12.6636C13.3875 12.4889 14.9914 11.375 16.8544 11.375ZM8.45806 7.83819L13.3331 10.1132L18.2081 7.83819V8.73762L13.6199 10.8769C13.5281 10.92 13.4306 10.9419 13.3331 10.9419C13.2356 10.9419 13.1381 10.92 13.0462 10.8769L8.45806 8.73762V7.83819Z\" fill=\"#F3FCF9\"><\/path><path d=\"M19.0716 13.2464C18.2445 12.5745 17.1606 12.3161 16.0986 12.5371C14.7678 12.8141 13.6871 13.8956 13.4093 15.2265C13.1883 16.2892 13.4466 17.3723 14.1186 18.1994C14.7913 19.0257 15.7875 19.5002 16.8526 19.5002C17.0769 19.5002 17.2589 19.3182 17.2589 19.094C17.2589 18.8697 17.0769 18.6877 16.8526 18.6877C16.0336 18.6877 15.2675 18.3229 14.7499 17.6867C14.2323 17.0505 14.0341 16.2145 14.2055 15.3922C14.4184 14.3725 15.2463 13.5446 16.2652 13.3325C17.0858 13.1603 17.9227 13.3593 18.5597 13.8769C19.1959 14.3945 19.5607 15.1606 19.5607 15.9796V16.6565C19.5607 16.8807 19.3779 17.0627 19.1545 17.0627C18.931 17.0627 18.7482 16.8807 18.7482 16.6565V14.4895C18.7482 14.2653 18.5662 14.0833 18.342 14.0833C18.1364 14.0833 17.9739 14.2385 17.9463 14.4367C17.6367 14.2165 17.2605 14.0833 16.8518 14.0833C15.807 14.0833 14.9563 14.934 14.9563 15.9788C14.9563 17.0237 15.807 17.8752 16.8526 17.8752C17.358 17.8752 17.8146 17.6737 18.1551 17.3503C18.3753 17.6664 18.7409 17.8752 19.1545 17.8752C19.8264 17.8752 20.3732 17.3284 20.3732 16.6565V15.9796C20.3732 14.9145 19.8987 13.9183 19.0716 13.2464ZM16.8526 17.0627C16.2555 17.0627 15.7696 16.5768 15.7696 15.9796C15.7696 15.3825 16.2555 14.8966 16.8526 14.8966C17.4498 14.8966 17.9357 15.3816 17.9357 15.9796C17.9357 16.5776 17.4498 17.0627 16.8526 17.0627Z\" fill=\"#F3FCF9\"><\/path><\/g><defs><clipPath id=\"clip0_354_1581\"><rect x=\"0.875\" width=\"26\" height=\"26\" rx=\"13\" fill=\"white\"><\/rect><\/clipPath><\/defs><\/svg>\t\t\t\t\t\t<\/span>\n\t\t\t\t\t\t\t\t\t\t<span class=\"elementor-icon-list-text\">modmillionaire@gmail.com<\/span>\n\t\t\t\t\t\t\t\t\t\t\t<\/a>\n\t\t\t\t\t\t\t\t\t<\/li>\n\t\t\t\t\t\t<\/ul>\n\t\t\t\t\t\t<\/div>\n\t\t\t\t<div class=\"elementor-element elementor-element-1c97cee elementor-icon-list--layout-inline elementor-widget-tablet__width-initial elementor-list-item-link-full_width elementor-widget elementor-widget-icon-list\" data-id=\"1c97cee\" data-element_type=\"widget\" data-e-type=\"widget\" data-widget_type=\"icon-list.default\">\n\t\t\t\t\t\t\t<ul class=\"elementor-icon-list-items elementor-inline-items\">\n\t\t\t\t\t\t\t<li class=\"elementor-icon-list-item elementor-inline-item\">\n\t\t\t\t\t\t\t\t\t\t\t<a href=\"https:\/\/www.instagram.com\/modestmillionaires\/?hl=en\" target=\"_blank\">\n\n\t\t\t\t\t\t\t\t\t\t\t\t<span class=\"elementor-icon-list-icon\">\n\t\t\t\t\t\t\t<svg xmlns=\"http:\/\/www.w3.org\/2000\/svg\" width=\"27\" height=\"26\" viewBox=\"0 0 27 26\" fill=\"none\"><g clip-path=\"url(#clip0_354_1616)\"><path d=\"M13.8747 15.0544C15.0092 15.0544 15.929 14.1346 15.929 13C15.929 11.8654 15.0092 10.9457 13.8747 10.9457C12.7401 10.9457 11.8203 11.8654 11.8203 13C11.8203 14.1346 12.7401 15.0544 13.8747 15.0544Z\" fill=\"#3C73A8\"><\/path><path d=\"M16.5041 7.80853H11.2494C10.5689 7.80853 9.91628 8.07886 9.4351 8.56004C8.95392 9.04121 8.68359 9.69383 8.68359 10.3743V15.6273C8.68359 16.3078 8.95392 16.9605 9.4351 17.4416C9.91628 17.9228 10.5689 18.1931 11.2494 18.1931H16.5041C17.1846 18.1931 17.8372 17.9228 18.3184 17.4416C18.7996 16.9605 19.0699 16.3078 19.0699 15.6273V10.3726C19.0695 9.69242 18.7989 9.04024 18.3178 8.55943C17.8367 8.07862 17.1843 7.80853 16.5041 7.80853ZM13.8768 16.3629C13.2116 16.3632 12.5612 16.1663 12.008 15.797C11.4547 15.4276 11.0234 14.9025 10.7686 14.2881C10.5138 13.6736 10.447 12.9974 10.5766 12.345C10.7061 11.6925 11.0263 11.0931 11.4965 10.6227C11.9668 10.1522 12.566 9.83172 13.2183 9.70183C13.8707 9.57193 14.547 9.63843 15.1616 9.89291C15.7762 10.1474 16.3015 10.5784 16.6711 11.1315C17.0407 11.6845 17.2379 12.3348 17.2379 13C17.237 13.8913 16.8827 14.7459 16.2526 15.3763C15.6225 16.0067 14.7681 16.3615 13.8768 16.3629ZM17.2585 10.4684C17.0939 10.4687 16.9329 10.4202 16.796 10.329C16.659 10.2378 16.5522 10.108 16.489 9.95601C16.4259 9.80403 16.4093 9.63674 16.4413 9.47532C16.4733 9.31391 16.5526 9.16562 16.6689 9.04926C16.7853 8.93289 16.9336 8.85368 17.095 8.82166C17.2564 8.78964 17.4237 8.80625 17.5757 8.86938C17.7276 8.93251 17.8575 9.03933 17.9487 9.1763C18.0399 9.31327 18.0884 9.47423 18.0881 9.6388C18.0876 9.85868 18.0001 10.0694 17.8446 10.2249C17.6891 10.3804 17.4783 10.4679 17.2585 10.4684Z\" fill=\"#3C73A8\"><\/path><path d=\"M13.875 0C11.3038 0 8.79043 0.762437 6.65259 2.1909C4.51475 3.61935 2.84851 5.64968 1.86457 8.02512C0.880633 10.4006 0.623189 13.0144 1.1248 15.5362C1.62641 18.0579 2.86453 20.3743 4.68262 22.1924C6.5007 24.0105 8.81708 25.2486 11.3388 25.7502C13.8606 26.2518 16.4745 25.9944 18.8499 25.0104C21.2253 24.0265 23.2557 22.3603 24.6841 20.2224C26.1126 18.0846 26.875 15.5712 26.875 13C26.875 9.55219 25.5054 6.24559 23.0674 3.80761C20.6294 1.36964 17.3228 0 13.875 0ZM20.375 15.6274C20.3741 16.6542 19.9658 17.6387 19.2397 18.3647C18.5137 19.0908 17.5292 19.4991 16.5024 19.5H11.2476C10.221 19.4986 9.23674 19.0902 8.51077 18.3642C7.78481 17.6383 7.37636 16.654 7.37501 15.6274V10.3726C7.37636 9.34596 7.78481 8.36173 8.51077 7.63577C9.23674 6.9098 10.221 6.50136 11.2476 6.5H16.5024C17.529 6.50136 18.5133 6.9098 19.2392 7.63577C19.9652 8.36173 20.3736 9.34596 20.375 10.3726V15.6274Z\" fill=\"#3C73A8\"><\/path><\/g><defs><clipPath id=\"clip0_354_1616\"><rect width=\"26\" height=\"26\" fill=\"white\" transform=\"translate(0.875)\"><\/rect><\/clipPath><\/defs><\/svg>\t\t\t\t\t\t<\/span>\n\t\t\t\t\t\t\t\t\t\t<span class=\"elementor-icon-list-text\">@modestmillionaires<\/span>\n\t\t\t\t\t\t\t\t\t\t\t<\/a>\n\t\t\t\t\t\t\t\t\t<\/li>\n\t\t\t\t\t\t<\/ul>\n\t\t\t\t\t\t<\/div>\n\t\t\t\t<div class=\"elementor-element elementor-element-e5d3362 elementor-icon-list--layout-inline elementor-widget__width-initial elementor-list-item-link-full_width elementor-widget elementor-widget-icon-list\" data-id=\"e5d3362\" data-element_type=\"widget\" data-e-type=\"widget\" data-widget_type=\"icon-list.default\">\n\t\t\t\t\t\t\t<ul class=\"elementor-icon-list-items elementor-inline-items\">\n\t\t\t\t\t\t\t<li class=\"elementor-icon-list-item elementor-inline-item\">\n\t\t\t\t\t\t\t\t\t\t\t<a href=\"https:\/\/www.facebook.com\/modmillionaires\/\" target=\"_blank\">\n\n\t\t\t\t\t\t\t\t\t\t\t\t<span class=\"elementor-icon-list-icon\">\n\t\t\t\t\t\t\t<svg xmlns=\"http:\/\/www.w3.org\/2000\/svg\" width=\"27\" height=\"26\" viewBox=\"0 0 27 26\" fill=\"none\"><g clip-path=\"url(#clip0_354_1642)\"><path fill-rule=\"evenodd\" clip-rule=\"evenodd\" d=\"M13.8336 0.393982C16.1773 0.420727 18.2946 0.996744 20.1855 2.12203C22.0539 3.22486 23.6081 4.78857 24.6995 6.66363C25.818 8.56595 26.3905 10.6961 26.4172 13.0541C26.3508 16.2804 25.3332 19.036 23.3644 21.3208C21.3956 23.6057 18.874 25.0192 16.2638 25.5611V16.5156H18.7316L19.2897 12.9609H15.5528V10.6327C15.5321 10.15 15.6847 9.67584 15.9831 9.29592C16.282 8.91497 16.8083 8.71475 17.5619 8.69525H19.8185V5.58142C19.7861 5.57101 19.4789 5.52981 18.8968 5.45784C18.2366 5.38061 17.5728 5.33935 16.9082 5.33426C15.4039 5.3412 14.2143 5.76552 13.3392 6.60721C12.4641 7.44867 12.0171 8.66608 11.9982 10.2594V12.9609H9.15442V16.5156H11.9982V25.5611C8.79311 25.0192 6.27156 23.6057 4.30278 21.3208C2.33399 19.036 1.31643 16.2804 1.25 13.0541C1.27658 10.696 1.84911 8.56584 2.9676 6.66363C4.05903 4.78857 5.61325 3.22486 7.48164 2.12203C9.37251 0.99696 11.4898 0.420943 13.8336 0.393982Z\" fill=\"#3C73A8\"><\/path><\/g><defs><clipPath id=\"clip0_354_1642\"><rect width=\"26\" height=\"26\" fill=\"white\" transform=\"translate(0.875)\"><\/rect><\/clipPath><\/defs><\/svg>\t\t\t\t\t\t<\/span>\n\t\t\t\t\t\t\t\t\t\t<span class=\"elementor-icon-list-text\">Les millionnaires modestes<\/span>\n\t\t\t\t\t\t\t\t\t\t\t<\/a>\n\t\t\t\t\t\t\t\t\t<\/li>\n\t\t\t\t\t\t<\/ul>\n\t\t\t\t\t\t<\/div>\n\t\t\t\t<div class=\"elementor-element elementor-element-9b2d3cc elementor-icon-list--layout-inline elementor-list-item-link-full_width elementor-widget elementor-widget-icon-list\" data-id=\"9b2d3cc\" data-element_type=\"widget\" data-e-type=\"widget\" data-widget_type=\"icon-list.default\">\n\t\t\t\t\t\t\t<ul class=\"elementor-icon-list-items elementor-inline-items\">\n\t\t\t\t\t\t\t<li class=\"elementor-icon-list-item elementor-inline-item\">\n\t\t\t\t\t\t\t\t\t\t\t<a href=\"http:\/\/linkedin.com\/in\/mel-dorion-7007a3152\/\" target=\"_blank\">\n\n\t\t\t\t\t\t\t\t\t\t\t\t<span class=\"elementor-icon-list-icon\">\n\t\t\t\t\t\t\t<svg xmlns=\"http:\/\/www.w3.org\/2000\/svg\" width=\"27\" height=\"26\" viewBox=\"0 0 27 26\" fill=\"none\"><g clip-path=\"url(#clip0_354_1581)\"><path d=\"M22 26H5.75C3.05738 26 0.875 23.8176 0.875 21.125V4.875C0.875 2.18238 3.05738 0 5.75 0H22C24.6926 0 26.875 2.18238 26.875 4.875V21.125C26.875 23.8176 24.6926 26 22 26Z\" fill=\"#3C73A8\"><\/path><path d=\"M16.8544 11.375C17.7498 11.375 18.5843 11.6358 19.2919 12.0802V7.85444C19.2919 7.10612 18.6858 6.5 17.9375 6.5H8.72944C7.98112 6.5 7.375 7.10612 7.375 7.85444V12.7294C7.375 13.4769 7.98112 14.0839 8.72944 14.0839H12.6636C13.3875 12.4889 14.9914 11.375 16.8544 11.375ZM8.45806 7.83819L13.3331 10.1132L18.2081 7.83819V8.73762L13.6199 10.8769C13.5281 10.92 13.4306 10.9419 13.3331 10.9419C13.2356 10.9419 13.1381 10.92 13.0462 10.8769L8.45806 8.73762V7.83819Z\" fill=\"#F3FCF9\"><\/path><path d=\"M19.0716 13.2464C18.2445 12.5745 17.1606 12.3161 16.0986 12.5371C14.7678 12.8141 13.6871 13.8956 13.4093 15.2265C13.1883 16.2892 13.4466 17.3723 14.1186 18.1994C14.7913 19.0257 15.7875 19.5002 16.8526 19.5002C17.0769 19.5002 17.2589 19.3182 17.2589 19.094C17.2589 18.8697 17.0769 18.6877 16.8526 18.6877C16.0336 18.6877 15.2675 18.3229 14.7499 17.6867C14.2323 17.0505 14.0341 16.2145 14.2055 15.3922C14.4184 14.3725 15.2463 13.5446 16.2652 13.3325C17.0858 13.1603 17.9227 13.3593 18.5597 13.8769C19.1959 14.3945 19.5607 15.1606 19.5607 15.9796V16.6565C19.5607 16.8807 19.3779 17.0627 19.1545 17.0627C18.931 17.0627 18.7482 16.8807 18.7482 16.6565V14.4895C18.7482 14.2653 18.5662 14.0833 18.342 14.0833C18.1364 14.0833 17.9739 14.2385 17.9463 14.4367C17.6367 14.2165 17.2605 14.0833 16.8518 14.0833C15.807 14.0833 14.9563 14.934 14.9563 15.9788C14.9563 17.0237 15.807 17.8752 16.8526 17.8752C17.358 17.8752 17.8146 17.6737 18.1551 17.3503C18.3753 17.6664 18.7409 17.8752 19.1545 17.8752C19.8264 17.8752 20.3732 17.3284 20.3732 16.6565V15.9796C20.3732 14.9145 19.8987 13.9183 19.0716 13.2464ZM16.8526 17.0627C16.2555 17.0627 15.7696 16.5768 15.7696 15.9796C15.7696 15.3825 16.2555 14.8966 16.8526 14.8966C17.4498 14.8966 17.9357 15.3816 17.9357 15.9796C17.9357 16.5776 17.4498 17.0627 16.8526 17.0627Z\" fill=\"#F3FCF9\"><\/path><\/g><defs><clipPath id=\"clip0_354_1581\"><rect x=\"0.875\" width=\"26\" height=\"26\" rx=\"13\" fill=\"white\"><\/rect><\/clipPath><\/defs><\/svg>\t\t\t\t\t\t<\/span>\n\t\t\t\t\t\t\t\t\t\t<span class=\"elementor-icon-list-text\">linkedin.com\/in\/mel-dorion-7007a3152\/<\/span>\n\t\t\t\t\t\t\t\t\t\t\t<\/a>\n\t\t\t\t\t\t\t\t\t<\/li>\n\t\t\t\t\t\t<\/ul>\n\t\t\t\t\t\t<\/div>\n\t\t\t\t<\/div>\n\t\t\t\t<\/div>\n\t\t<div class=\"elementor-element elementor-element-f15c340 e-con-full e-flex e-con e-child\" data-id=\"f15c340\" data-element_type=\"container\" data-e-type=\"container\">\n\t\t\t\t<div class=\"elementor-element elementor-element-eddd99e elementor-button-align-start elementor-widget__width-initial elementor-widget-mobile__width-inherit elementor-widget elementor-widget-form\" data-id=\"eddd99e\" data-element_type=\"widget\" data-e-type=\"widget\" data-settings=\"{&quot;step_next_label&quot;:&quot;Suivant&quot;,&quot;step_previous_label&quot;:&quot;Pr\\u00e9c\\u00e9dent&quot;,&quot;button_width&quot;:&quot;100&quot;,&quot;step_type&quot;:&quot;number_text&quot;,&quot;step_icon_shape&quot;:&quot;circle&quot;}\" data-widget_type=\"form.default\">\n\t\t\t\t\t\t\t<form class=\"elementor-form\" method=\"post\" name=\"Nouveau formulaire\" aria-label=\"Nouveau formulaire\">\n\t\t\t<input type=\"hidden\" name=\"post_id\" value=\"5789\"\/>\n\t\t\t<input type=\"hidden\" name=\"form_id\" value=\"eddd99e\"\/>\n\t\t\t<input type=\"hidden\" name=\"referer_title\" value=\"Contact\" \/>\n\n\t\t\t\t\t\t\t<input type=\"hidden\" name=\"queried_id\" value=\"5789\"\/>\n\t\t\t\n\t\t\t<div class=\"elementor-form-fields-wrapper elementor-labels-\">\n\t\t\t\t\t\t\t\t<div class=\"elementor-field-type-text elementor-field-group elementor-column elementor-field-group-name elementor-col-100 elementor-field-required\">\n\t\t\t\t\t\t\t\t\t\t\t\t<label for=\"form-field-name\" class=\"elementor-field-label elementor-screen-only\">\n\t\t\t\t\t\t\t\tVotre nom\t\t\t\t\t\t\t<\/label>\n\t\t\t\t\t\t\t\t\t\t\t\t\t\t<input size=\"1\" type=\"text\" name=\"form_fields[name]\" id=\"form-field-name\" class=\"elementor-field elementor-size-md  elementor-field-textual\" placeholder=\"Votre nom\" required=\"required\">\n\t\t\t\t\t\t\t\t\t\t\t<\/div>\n\t\t\t\t\t\t\t\t<div class=\"elementor-field-type-email elementor-field-group elementor-column elementor-field-group-email elementor-col-100 elementor-field-required\">\n\t\t\t\t\t\t\t\t\t\t\t\t<label for=\"form-field-email\" class=\"elementor-field-label elementor-screen-only\">\n\t\t\t\t\t\t\t\tVotre courriel\t\t\t\t\t\t\t<\/label>\n\t\t\t\t\t\t\t\t\t\t\t\t\t\t<input size=\"1\" type=\"email\" name=\"form_fields[email]\" id=\"form-field-email\" class=\"elementor-field elementor-size-md  elementor-field-textual\" placeholder=\"Votre courriel\" required=\"required\">\n\t\t\t\t\t\t\t\t\t\t\t<\/div>\n\t\t\t\t\t\t\t\t<div class=\"elementor-field-type-textarea elementor-field-group elementor-column elementor-field-group-message elementor-col-100 elementor-field-required\">\n\t\t\t\t\t\t\t\t\t\t\t\t<label for=\"form-field-message\" class=\"elementor-field-label elementor-screen-only\">\n\t\t\t\t\t\t\t\tVotre message\t\t\t\t\t\t\t<\/label>\n\t\t\t\t\t\t<textarea class=\"elementor-field-textual elementor-field  elementor-size-md\" name=\"form_fields[message]\" id=\"form-field-message\" rows=\"6\" placeholder=\"Votre message\" required=\"required\"><\/textarea>\t\t\t\t<\/div>\n\t\t\t\t\t\t\t\t<div class=\"elementor-field-group elementor-column elementor-field-type-submit elementor-col-100 e-form__buttons\">\n\t\t\t\t\t<button class=\"elementor-button elementor-size-md\" type=\"submit\">\n\t\t\t\t\t\t<span class=\"elementor-button-content-wrapper\">\n\t\t\t\t\t\t\t\t\t\t\t\t\t\t\t\t\t\t\t\t\t\t<span class=\"elementor-button-text\">Envoyer un message<\/span>\n\t\t\t\t\t\t\t\t\t\t\t\t\t<\/span>\n\t\t\t\t\t<\/button>\n\t\t\t\t<\/div>\n\t\t\t<\/div>\n\t\t<\/form>\n\t\t\t\t\t\t<\/div>\n\t\t\t\t<\/div>\n\t\t\t\t\t<\/div>\n\t\t\t\t<\/div>\n\t\t\t\t<\/div>\n\t\t","protected":false},"excerpt":{"rendered":"<p>Vous avez une question, une id\u00e9e de collaboration ou vous souhaitez simplement entrer en contact ? N&rsquo;h\u00e9sitez pas \u00e0 me faire part de vos commentaires ! Vous pouvez me contacter par courriel ou par les m\u00e9dias sociaux &#8211; ou utiliser le formulaire ci-dessous s&rsquo;il fonctionne (il est encore en cours d&rsquo;\u00e9laboration !). modmillionaire@gmail.com @modestmillionaires Les [&hellip;]<\/p>\n","protected":false},"author":1,"featured_media":0,"parent":0,"menu_order":0,"comment_status":"closed","ping_status":"closed","template":"","meta":{"_acf_changed":false,"footnotes":""},"class_list":["post-5789","page","type-page","status-publish","hentry"],"acf":[],"_links":{"self":[{"href":"https:\/\/modestmillionaires.com\/fr\/wp-json\/wp\/v2\/pages\/5789","targetHints":{"allow":["GET"]}}],"collection":[{"href":"https:\/\/modestmillionaires.com\/fr\/wp-json\/wp\/v2\/pages"}],"about":[{"href":"https:\/\/modestmillionaires.com\/fr\/wp-json\/wp\/v2\/types\/page"}],"author":[{"embeddable":true,"href":"https:\/\/modestmillionaires.com\/fr\/wp-json\/wp\/v2\/users\/1"}],"replies":[{"embeddable":true,"href":"https:\/\/modestmillionaires.com\/fr\/wp-json\/wp\/v2\/comments?post=5789"}],"version-history":[{"count":6,"href":"https:\/\/modestmillionaires.com\/fr\/wp-json\/wp\/v2\/pages\/5789\/revisions"}],"predecessor-version":[{"id":6210,"href":"https:\/\/modestmillionaires.com\/fr\/wp-json\/wp\/v2\/pages\/5789\/revisions\/6210"}],"wp:attachment":[{"href":"https:\/\/modestmillionaires.com\/fr\/wp-json\/wp\/v2\/media?parent=5789"}],"curies":[{"name":"wp","href":"https:\/\/api.w.org\/{rel}","templated":true}]}}