{"id":5875,"date":"2025-07-02T06:11:29","date_gmt":"2025-07-02T06:11:29","guid":{"rendered":"https:\/\/modestmillionaires.com\/politique-de-confidentialite\/"},"modified":"2025-10-01T11:52:16","modified_gmt":"2025-10-01T11:52:16","slug":"politique-de-confidentialite","status":"publish","type":"page","link":"https:\/\/modestmillionaires.com\/fr\/politique-de-confidentialite\/","title":{"rendered":"politique de confidentialit\u00e9"},"content":{"rendered":"\t\t<div data-elementor-type=\"wp-page\" data-elementor-id=\"5875\" class=\"elementor elementor-5875 elementor-3\" data-elementor-post-type=\"page\">\n\t\t\t\t<div class=\"elementor-element elementor-element-2e99990b e-flex e-con-boxed e-con e-parent\" data-id=\"2e99990b\" data-element_type=\"container\" data-e-type=\"container\">\n\t\t\t\t\t<div class=\"e-con-inner\">\n\t\t\t\t<div class=\"elementor-element elementor-element-bc2af4e elementor-widget elementor-widget-heading\" data-id=\"bc2af4e\" data-element_type=\"widget\" data-e-type=\"widget\" data-widget_type=\"heading.default\">\n\t\t\t\t\t<h2 class=\"elementor-heading-title elementor-size-default\">politique de confidentialit\u00e9<\/h2>\t\t\t\t<\/div>\n\t\t\t\t<div class=\"elementor-element elementor-element-6246cf6 content elementor-widget elementor-widget-text-editor\" data-id=\"6246cf6\" data-element_type=\"widget\" data-e-type=\"widget\" data-widget_type=\"text-editor.default\">\n\t\t\t\t\t\t\t\t\t<p><strong>Derni\u00e8re mise \u00e0 jour :<\/strong> Mai 2025<\/p>\t\t\t\t\t\t\t\t<\/div>\n\t\t\t\t<div class=\"elementor-element elementor-element-5c082c2 elementor-widget elementor-widget-text-editor\" data-id=\"5c082c2\" data-element_type=\"widget\" data-e-type=\"widget\" data-widget_type=\"text-editor.default\">\n\t\t\t\t\t\t\t\t\t<p>Modest Millionaires (\u00ab nous \u00bb, \u00ab notre \u00bb ou \u00ab nos \u00bb) respecte votre vie priv\u00e9e et s&rsquo;engage \u00e0 prot\u00e9ger les renseignements personnels que vous nous communiquez. Cette politique d\u00e9crit comment nous recueillons, utilisons et prot\u00e9geons vos renseignements, conform\u00e9ment \u00e0 la Loi 25 du Qu\u00e9bec et aux normes canadiennes en mati\u00e8re de protection de la vie priv\u00e9e. <\/p>\t\t\t\t\t\t\t\t<\/div>\n\t\t\t\t<div class=\"elementor-element elementor-element-10811b0 elementor-widget elementor-widget-heading\" data-id=\"10811b0\" data-element_type=\"widget\" data-e-type=\"widget\" data-widget_type=\"heading.default\">\n\t\t\t\t\t<h2 class=\"elementor-heading-title elementor-size-default\">1. Qui sommes-nous<\/h2>\t\t\t\t<\/div>\n\t\t\t\t<div class=\"elementor-element elementor-element-6e52e64 content elementor-widget elementor-widget-text-editor\" data-id=\"6e52e64\" data-element_type=\"widget\" data-e-type=\"widget\" data-widget_type=\"text-editor.default\">\n\t\t\t\t\t\t\t\t\t<p>Modest Millionaires est une entreprise d&rsquo;\u00e9ducation et de coaching financier bas\u00e9e au Qu\u00e9bec, Canada. Nous offrons du contenu, du coaching et des ressources en ligne pour aider les individus et les familles \u00e0 harmoniser leurs finances avec leur vie id\u00e9ale. <\/p>\t\t\t\t\t\t\t\t<\/div>\n\t\t\t\t<div class=\"elementor-element elementor-element-873aac8 elementor-widget elementor-widget-heading\" data-id=\"873aac8\" data-element_type=\"widget\" data-e-type=\"widget\" data-widget_type=\"heading.default\">\n\t\t\t\t\t<h2 class=\"elementor-heading-title elementor-size-default\">2. Quels renseignements nous recueillons<\/h2>\t\t\t\t<\/div>\n\t\t\t\t<div class=\"elementor-element elementor-element-951b24b content elementor-widget elementor-widget-text-editor\" data-id=\"951b24b\" data-element_type=\"widget\" data-e-type=\"widget\" data-widget_type=\"text-editor.default\">\n\t\t\t\t\t\t\t\t\t<p>Nous recueillons des renseignements personnels de la mani\u00e8re suivante :<\/p>\t\t\t\t\t\t\t\t<\/div>\n\t\t\t\t<div class=\"elementor-element elementor-element-f50a100 content elementor-widget elementor-widget-text-editor\" data-id=\"f50a100\" data-element_type=\"widget\" data-e-type=\"widget\" data-widget_type=\"text-editor.default\">\n\t\t\t\t\t\t\t\t\t<p><strong>a) Renseignements que vous fournissez volontairement :<\/strong><\/p>\t\t\t\t\t\t\t\t<\/div>\n\t\t\t\t<div class=\"elementor-element elementor-element-a744d70 elementor-widget elementor-widget-text-editor\" data-id=\"a744d70\" data-element_type=\"widget\" data-e-type=\"widget\" data-widget_type=\"text-editor.default\">\n\t\t\t\t\t\t\t\t\t<ul><li>Lorsque vous vous abonnez \u00e0 notre infolettre<\/li><li>Lorsque vous t\u00e9l\u00e9chargez une ressource gratuite<\/li><li>Lorsque vous remplissez un formulaire de contact ou de demande de coaching<\/li><li>Lorsque vous vous inscrivez \u00e0 un coaching ou \u00e0 d&rsquo;autres services<\/li><\/ul>\t\t\t\t\t\t\t\t<\/div>\n\t\t\t\t<div class=\"elementor-element elementor-element-2e2c64d elementor-widget elementor-widget-text-editor\" data-id=\"2e2c64d\" data-element_type=\"widget\" data-e-type=\"widget\" data-widget_type=\"text-editor.default\">\n\t\t\t\t\t\t\t\t\t<p>Cela peut inclure votre :<\/p>\t\t\t\t\t\t\t\t<\/div>\n\t\t\t\t<div class=\"elementor-element elementor-element-f713dce elementor-widget elementor-widget-text-editor\" data-id=\"f713dce\" data-element_type=\"widget\" data-e-type=\"widget\" data-widget_type=\"text-editor.default\">\n\t\t\t\t\t\t\t\t\t<ul><li>Name<\/li><li>Email address<\/li><li>Informations que vous fournissez dans les champs de messages ou les formulaires de r\u00e9ception<\/li><\/ul>\t\t\t\t\t\t\t\t<\/div>\n\t\t\t\t<div class=\"elementor-element elementor-element-3ddc214 content elementor-widget elementor-widget-text-editor\" data-id=\"3ddc214\" data-element_type=\"widget\" data-e-type=\"widget\" data-widget_type=\"text-editor.default\">\n\t\t\t\t\t\t\t\t\t<p><strong>b) Renseignements recueillis automatiquement :<\/strong><\/p>\t\t\t\t\t\t\t\t<\/div>\n\t\t\t\t<div class=\"elementor-element elementor-element-ba50d2b content elementor-widget elementor-widget-text-editor\" data-id=\"ba50d2b\" data-element_type=\"widget\" data-e-type=\"widget\" data-widget_type=\"text-editor.default\">\n\t\t\t\t\t\t\t\t\t<p>Nous utilisons des outils comme Google Analytics et des t\u00e9moins pour comprendre comment les visiteurs interagissent avec notre site web. \u00c7a comprend : <\/p>\t\t\t\t\t\t\t\t<\/div>\n\t\t\t\t<div class=\"elementor-element elementor-element-6b70b62 elementor-widget elementor-widget-text-editor\" data-id=\"6b70b62\" data-element_type=\"widget\" data-e-type=\"widget\" data-widget_type=\"text-editor.default\">\n\t\t\t\t\t\t\t\t\t<ul><li>IP address<\/li><li>Type de navigateur et langue<\/li><li>Pages visited<\/li><li>Sites Web de r\u00e9f\u00e9rence<\/li><li>Temps pass\u00e9 sur place<\/li><\/ul>\t\t\t\t\t\t\t\t<\/div>\n\t\t\t\t<div class=\"elementor-element elementor-element-7144cb2 content elementor-widget elementor-widget-text-editor\" data-id=\"7144cb2\" data-element_type=\"widget\" data-e-type=\"widget\" data-widget_type=\"text-editor.default\">\n\t\t\t\t\t\t\t\t\t<p>Ces renseignements sont anonymes et ne servent qu&rsquo;\u00e0 am\u00e9liorer l&rsquo;exp\u00e9rience utilisateur.<\/p>\t\t\t\t\t\t\t\t<\/div>\n\t\t\t\t<div class=\"elementor-element elementor-element-fdd939b elementor-widget elementor-widget-heading\" data-id=\"fdd939b\" data-element_type=\"widget\" data-e-type=\"widget\" data-widget_type=\"heading.default\">\n\t\t\t\t\t<h2 class=\"elementor-heading-title elementor-size-default\">3. Comment nous utilisons vos renseignements<\/h2>\t\t\t\t<\/div>\n\t\t\t\t<div class=\"elementor-element elementor-element-b3b3a43 elementor-widget elementor-widget-text-editor\" data-id=\"b3b3a43\" data-element_type=\"widget\" data-e-type=\"widget\" data-widget_type=\"text-editor.default\">\n\t\t\t\t\t\t\t\t\t<p>Nous utilisons vos renseignements pour :<\/p>\t\t\t\t\t\t\t\t<\/div>\n\t\t\t\t<div class=\"elementor-element elementor-element-b08a650 elementor-widget elementor-widget-text-editor\" data-id=\"b08a650\" data-element_type=\"widget\" data-e-type=\"widget\" data-widget_type=\"text-editor.default\">\n\t\t\t\t\t\t\t\t\t<ul><li>Fournir les services, les ressources ou les communications que vous demandez<\/li><li>Vous envoyer des infolettres, des mises \u00e0 jour et des courriels promotionnels occasionnels (vous pouvez vous d\u00e9sabonner en tout temps)<\/li><li>Am\u00e9liorer notre site Web et nos services gr\u00e2ce \u00e0 l&rsquo;analyse du trafic<\/li><li>R\u00e9pondre \u00e0 vos demandes ou commentaires<\/li><\/ul>\t\t\t\t\t\t\t\t<\/div>\n\t\t\t\t<div class=\"elementor-element elementor-element-feec55d elementor-widget elementor-widget-text-editor\" data-id=\"feec55d\" data-element_type=\"widget\" data-e-type=\"widget\" data-widget_type=\"text-editor.default\">\n\t\t\t\t\t\t\t\t\t<p><strong>Nous ne vendons ni ne louons jamais vos informations personnelles.<\/strong><\/p>\t\t\t\t\t\t\t\t<\/div>\n\t\t\t\t<div class=\"elementor-element elementor-element-6dbbd2e elementor-widget elementor-widget-heading\" data-id=\"6dbbd2e\" data-element_type=\"widget\" data-e-type=\"widget\" data-widget_type=\"heading.default\">\n\t\t\t\t\t<h2 class=\"elementor-heading-title elementor-size-default\">4. T\u00e9moins et analyses<\/h2>\t\t\t\t<\/div>\n\t\t\t\t<div class=\"elementor-element elementor-element-4966cd2 content elementor-widget elementor-widget-text-editor\" data-id=\"4966cd2\" data-element_type=\"widget\" data-e-type=\"widget\" data-widget_type=\"text-editor.default\">\n\t\t\t\t\t\t\t\t\t<p>Notre site Web utilise des t\u00e9moins et des outils tiers (comme Google Analytics) pour recueillir des donn\u00e9es d&rsquo;utilisation. Vous pouvez d\u00e9sactiver les t\u00e9moins dans les param\u00e8tres de votre navigateur si vous le souhaitez. <\/p>\t\t\t\t\t\t\t\t<\/div>\n\t\t\t\t<div class=\"elementor-element elementor-element-0f36242 elementor-widget elementor-widget-heading\" data-id=\"0f36242\" data-element_type=\"widget\" data-e-type=\"widget\" data-widget_type=\"heading.default\">\n\t\t\t\t\t<h2 class=\"elementor-heading-title elementor-size-default\">5. Communication par courriel<\/h2>\t\t\t\t<\/div>\n\t\t\t\t<div class=\"elementor-element elementor-element-c54f80d content elementor-widget elementor-widget-text-editor\" data-id=\"c54f80d\" data-element_type=\"widget\" data-e-type=\"widget\" data-widget_type=\"text-editor.default\">\n\t\t\t\t\t\t\t\t\t<p>Nous faisons appel \u00e0 un fournisseur tiers, Active Campaign, pour la gestion de notre newsletter. Votre nom et votre adresse courriel sont stock\u00e9s en toute s\u00e9curit\u00e9 sur des serveurs situ\u00e9s au Canada ou aux \u00c9tats-Unis, conform\u00e9ment aux normes de confidentialit\u00e9 en vigueur, et sont utilis\u00e9s uniquement pour les communications de Modest Millionaires. Chaque courriel que nous envoyons contient un lien de d\u00e9sabonnement.  <\/p>\t\t\t\t\t\t\t\t<\/div>\n\t\t\t\t<div class=\"elementor-element elementor-element-a5299e0 elementor-widget elementor-widget-heading\" data-id=\"a5299e0\" data-element_type=\"widget\" data-e-type=\"widget\" data-widget_type=\"heading.default\">\n\t\t\t\t\t<h2 class=\"elementor-heading-title elementor-size-default\">6. Qui a acc\u00e8s \u00e0 vos donn\u00e9es<\/h2>\t\t\t\t<\/div>\n\t\t\t\t<div class=\"elementor-element elementor-element-0b2179b content elementor-widget elementor-widget-text-editor\" data-id=\"0b2179b\" data-element_type=\"widget\" data-e-type=\"widget\" data-widget_type=\"text-editor.default\">\n\t\t\t\t\t\t\t\t\t<p>Seuls les fournisseurs de services et outils professionnels de confiance (par exemple, ActiveCampaign, Google Analytics, Stripe) peuvent acc\u00e9der \u00e0 vos donn\u00e9es pour vous fournir des services. Ces partenaires doivent respecter des normes de confidentialit\u00e9 strictes. <\/p>\t\t\t\t\t\t\t\t<\/div>\n\t\t\t\t<div class=\"elementor-element elementor-element-322bc3d elementor-widget elementor-widget-heading\" data-id=\"322bc3d\" data-element_type=\"widget\" data-e-type=\"widget\" data-widget_type=\"heading.default\">\n\t\t\t\t\t<h2 class=\"elementor-heading-title elementor-size-default\">7. Vos droits<\/h2>\t\t\t\t<\/div>\n\t\t\t\t<div class=\"elementor-element elementor-element-5b84f73 content elementor-widget elementor-widget-text-editor\" data-id=\"5b84f73\" data-element_type=\"widget\" data-e-type=\"widget\" data-widget_type=\"text-editor.default\">\n\t\t\t\t\t\t\t\t\t<p>En tant que r\u00e9sident du Qu\u00e9bec, vous avez le droit de :<\/p>\t\t\t\t\t\t\t\t<\/div>\n\t\t\t\t<div class=\"elementor-element elementor-element-8258e7e elementor-widget elementor-widget-text-editor\" data-id=\"8258e7e\" data-element_type=\"widget\" data-e-type=\"widget\" data-widget_type=\"text-editor.default\">\n\t\t\t\t\t\t\t\t\t<ul><li>Acc\u00e9der \u00e0 vos renseignements personnels<\/li><li>Demander des corrections<\/li><li>Retirer votre consentement<\/li><li>Demander la suppression de vos donn\u00e9es (lorsque c&rsquo;est l\u00e9galement et techniquement possible).<\/li><\/ul>\t\t\t\t\t\t\t\t<\/div>\n\t\t\t\t<div class=\"elementor-element elementor-element-16fa2bd content elementor-widget elementor-widget-text-editor\" data-id=\"16fa2bd\" data-element_type=\"widget\" data-e-type=\"widget\" data-widget_type=\"text-editor.default\">\n\t\t\t\t\t\t\t\t\t<p>Pour exercer l&rsquo;un de ces droits, veuillez utiliser notre formulaire de contact.<\/p>\t\t\t\t\t\t\t\t<\/div>\n\t\t\t\t<div class=\"elementor-element elementor-element-8e87bb4 elementor-widget elementor-widget-heading\" data-id=\"8e87bb4\" data-element_type=\"widget\" data-e-type=\"widget\" data-widget_type=\"heading.default\">\n\t\t\t\t\t<h2 class=\"elementor-heading-title elementor-size-default\">8. Comment nous prot\u00e9geons vos donn\u00e9es<\/h2>\t\t\t\t<\/div>\n\t\t\t\t<div class=\"elementor-element elementor-element-d6ebdd0 content elementor-widget elementor-widget-text-editor\" data-id=\"d6ebdd0\" data-element_type=\"widget\" data-e-type=\"widget\" data-widget_type=\"text-editor.default\">\n\t\t\t\t\t\t\t\t\t<p>Nous utilisons des outils s\u00e9curis\u00e9s et chiffr\u00e9s et nous limitons l&rsquo;acc\u00e8s \u00e0 vos informations. Bien qu&rsquo;aucun syst\u00e8me ne soit infaillible, nous prenons la confidentialit\u00e9 au s\u00e9rieux et suivons les meilleures pratiques pour prot\u00e9ger vos donn\u00e9es. <\/p>\t\t\t\t\t\t\t\t<\/div>\n\t\t\t\t<div class=\"elementor-element elementor-element-cb1324e elementor-widget elementor-widget-heading\" data-id=\"cb1324e\" data-element_type=\"widget\" data-e-type=\"widget\" data-widget_type=\"heading.default\">\n\t\t\t\t\t<h2 class=\"elementor-heading-title elementor-size-default\">9. Vie priv\u00e9e des enfants<\/h2>\t\t\t\t<\/div>\n\t\t\t\t<div class=\"elementor-element elementor-element-b848d76 content elementor-widget elementor-widget-text-editor\" data-id=\"b848d76\" data-element_type=\"widget\" data-e-type=\"widget\" data-widget_type=\"text-editor.default\">\n\t\t\t\t\t\t\t\t\t<p>Notre site Web et nos services ne sont pas destin\u00e9s aux enfants de moins de 14 ans. Nous ne recueillons pas sciemment de renseignements personnels aupr\u00e8s de mineurs. <\/p>\t\t\t\t\t\t\t\t<\/div>\n\t\t\t\t<div class=\"elementor-element elementor-element-3f008c4 elementor-widget elementor-widget-heading\" data-id=\"3f008c4\" data-element_type=\"widget\" data-e-type=\"widget\" data-widget_type=\"heading.default\">\n\t\t\t\t\t<h2 class=\"elementor-heading-title elementor-size-default\">10. Mises \u00e0 jour des politiques<\/h2>\t\t\t\t<\/div>\n\t\t\t\t<div class=\"elementor-element elementor-element-1d8cf70 content elementor-widget elementor-widget-text-editor\" data-id=\"1d8cf70\" data-element_type=\"widget\" data-e-type=\"widget\" data-widget_type=\"text-editor.default\">\n\t\t\t\t\t\t\t\t\t<p>Nous sommes susceptibles de mettre \u00e0 jour cette politique de confidentialit\u00e9 afin de refl\u00e9ter l&rsquo;\u00e9volution de nos pratiques ou de nos obligations l\u00e9gales. La version la plus r\u00e9cente sera toujours publi\u00e9e ici, avec la date de \u00ab derni\u00e8re mise \u00e0 jour \u00bb. <\/p>\t\t\t\t\t\t\t\t<\/div>\n\t\t\t\t<div class=\"elementor-element elementor-element-c391188 elementor-widget elementor-widget-heading\" data-id=\"c391188\" data-element_type=\"widget\" data-e-type=\"widget\" data-widget_type=\"heading.default\">\n\t\t\t\t\t<h2 class=\"elementor-heading-title elementor-size-default\">11. Contactez-nous<\/h2>\t\t\t\t<\/div>\n\t\t\t\t<div class=\"elementor-element elementor-element-aef9d0c content elementor-widget elementor-widget-text-editor\" data-id=\"aef9d0c\" data-element_type=\"widget\" data-e-type=\"widget\" data-widget_type=\"text-editor.default\">\n\t\t\t\t\t\t\t\t\t<p>Si vous avez des questions ou des pr\u00e9occupations concernant votre vie priv\u00e9e, veuillez nous contacter en utilisant notre formulaire de contact.<\/p>\t\t\t\t\t\t\t\t<\/div>\n\t\t\t\t\t<\/div>\n\t\t\t\t<\/div>\n\t\t\t\t<\/div>\n\t\t","protected":false},"excerpt":{"rendered":"<p>politique de confidentialit\u00e9 Derni\u00e8re mise \u00e0 jour : Mai 2025 Modest Millionaires (\u00ab nous \u00bb, \u00ab notre \u00bb ou \u00ab nos \u00bb) respecte votre vie priv\u00e9e et s&rsquo;engage \u00e0 prot\u00e9ger les renseignements personnels que vous nous communiquez. Cette politique d\u00e9crit comment nous recueillons, utilisons et prot\u00e9geons vos renseignements, conform\u00e9ment \u00e0 la Loi 25 du Qu\u00e9bec [&hellip;]<\/p>\n","protected":false},"author":1,"featured_media":0,"parent":0,"menu_order":0,"comment_status":"closed","ping_status":"open","template":"","meta":{"_acf_changed":false,"footnotes":""},"class_list":["post-5875","page","type-page","status-publish","hentry"],"acf":[],"_links":{"self":[{"href":"https:\/\/modestmillionaires.com\/fr\/wp-json\/wp\/v2\/pages\/5875","targetHints":{"allow":["GET"]}}],"collection":[{"href":"https:\/\/modestmillionaires.com\/fr\/wp-json\/wp\/v2\/pages"}],"about":[{"href":"https:\/\/modestmillionaires.com\/fr\/wp-json\/wp\/v2\/types\/page"}],"author":[{"embeddable":true,"href":"https:\/\/modestmillionaires.com\/fr\/wp-json\/wp\/v2\/users\/1"}],"replies":[{"embeddable":true,"href":"https:\/\/modestmillionaires.com\/fr\/wp-json\/wp\/v2\/comments?post=5875"}],"version-history":[{"count":1,"href":"https:\/\/modestmillionaires.com\/fr\/wp-json\/wp\/v2\/pages\/5875\/revisions"}],"predecessor-version":[{"id":5876,"href":"https:\/\/modestmillionaires.com\/fr\/wp-json\/wp\/v2\/pages\/5875\/revisions\/5876"}],"wp:attachment":[{"href":"https:\/\/modestmillionaires.com\/fr\/wp-json\/wp\/v2\/media?parent=5875"}],"curies":[{"name":"wp","href":"https:\/\/api.w.org\/{rel}","templated":true}]}}