{"id":6026,"date":"2025-10-02T05:00:46","date_gmt":"2025-10-02T05:00:46","guid":{"rendered":"https:\/\/modestmillionaires.com\/clause-de-non-responsabilite\/"},"modified":"2025-10-02T05:03:37","modified_gmt":"2025-10-02T05:03:37","slug":"clause-de-non-responsabilite","status":"publish","type":"page","link":"https:\/\/modestmillionaires.com\/fr\/clause-de-non-responsabilite\/","title":{"rendered":"Clause de non-responsabilit\u00e9"},"content":{"rendered":"\t\t<div data-elementor-type=\"wp-page\" data-elementor-id=\"6026\" class=\"elementor elementor-6026 elementor-6024\" data-elementor-post-type=\"page\">\n\t\t\t\t<div class=\"elementor-element elementor-element-03c93a7 e-flex e-con-boxed e-con e-parent\" data-id=\"03c93a7\" data-element_type=\"container\" data-e-type=\"container\">\n\t\t\t\t\t<div class=\"e-con-inner\">\n\t\t\t\t<div class=\"elementor-element elementor-element-e441e1a elementor-widget elementor-widget-heading\" data-id=\"e441e1a\" data-element_type=\"widget\" data-e-type=\"widget\" data-widget_type=\"heading.default\">\n\t\t\t\t\t<h2 class=\"elementor-heading-title elementor-size-default\">Clause de non-responsabilit\u00e9<\/h2>\t\t\t\t<\/div>\n\t\t\t\t<div class=\"elementor-element elementor-element-6f2de35 content elementor-widget elementor-widget-text-editor\" data-id=\"6f2de35\" data-element_type=\"widget\" data-e-type=\"widget\" data-widget_type=\"text-editor.default\">\n\t\t\t\t\t\t\t\t\t<p><strong>Derni\u00e8re mise \u00e0 jour :<\/strong> Mai 2025<\/p>\t\t\t\t\t\t\t\t<\/div>\n\t\t\t\t<div class=\"elementor-element elementor-element-c9c605c elementor-widget elementor-widget-text-editor\" data-id=\"c9c605c\" data-element_type=\"widget\" data-e-type=\"widget\" data-widget_type=\"text-editor.default\">\n\t\t\t\t\t\t\t\t\t<p>Modest Millionaires (\u00ab\u00a0nous\u00a0\u00bb, \u00ab\u00a0notre\u00a0\u00bb ou \u00ab\u00a0nos\u00a0\u00bb) fournit du contenu, des ressources et des services de coaching \u00e0 des fins \u00e9ducatives et informatives uniquement. En acc\u00e9dant \u00e0 ce site web ou en utilisant nos services, vous acceptez les conditions ci-dessous.<\/p>\t\t\t\t\t\t\t\t<\/div>\n\t\t\t\t<div class=\"elementor-element elementor-element-e0e989d elementor-widget elementor-widget-heading\" data-id=\"e0e989d\" data-element_type=\"widget\" data-e-type=\"widget\" data-widget_type=\"heading.default\">\n\t\t\t\t\t<h2 class=\"elementor-heading-title elementor-size-default\">1. Pas de conseil financier<\/h2>\t\t\t\t<\/div>\n\t\t\t\t<div class=\"elementor-element elementor-element-5386cf0 content elementor-widget elementor-widget-text-editor\" data-id=\"5386cf0\" data-element_type=\"widget\" data-e-type=\"widget\" data-widget_type=\"text-editor.default\">\n\t\t\t\t\t\t\t\t\t<p>Le contenu de ce site web &#8211; y compris les articles de blog, les bulletins d&rsquo;information, les outils, les courriels, les t\u00e9l\u00e9chargements et le mat\u00e9riel d&rsquo;accompagnement &#8211; est destin\u00e9 \u00e0 l&rsquo;\u00e9ducation g\u00e9n\u00e9rale et au divertissement. Il refl\u00e8te des opinions et des exp\u00e9riences personnelles et<strong> ne constitue pas un conseil financier, juridique ou d&rsquo;investissement professionnel.<\/strong><\/p>\t\t\t\t\t\t\t\t<\/div>\n\t\t\t\t<div class=\"elementor-element elementor-element-400a0b5 elementor-widget elementor-widget-text-editor\" data-id=\"400a0b5\" data-element_type=\"widget\" data-e-type=\"widget\" data-widget_type=\"text-editor.default\">\n\t\t\t\t\t\t\t\t\t<p>Nous ne sommes pas des planificateurs financiers, des conseillers en investissement, des comptables ou des avocats agr\u00e9\u00e9s. Si vous avez besoin de conseils personnalis\u00e9s, veuillez consulter un professionnel qualifi\u00e9 qui comprend votre situation dans son int\u00e9gralit\u00e9.<\/p>\t\t\t\t\t\t\t\t<\/div>\n\t\t\t\t<div class=\"elementor-element elementor-element-770f7e8 elementor-widget elementor-widget-heading\" data-id=\"770f7e8\" data-element_type=\"widget\" data-e-type=\"widget\" data-widget_type=\"heading.default\">\n\t\t\t\t\t<h2 class=\"elementor-heading-title elementor-size-default\">2. La relation d'accompagnement<\/h2>\t\t\t\t<\/div>\n\t\t\t\t<div class=\"elementor-element elementor-element-9c10013 content elementor-widget elementor-widget-text-editor\" data-id=\"9c10013\" data-element_type=\"widget\" data-e-type=\"widget\" data-widget_type=\"text-editor.default\">\n\t\t\t\t\t\t\t\t\t<p>Nos services de coaching sont con\u00e7us pour soutenir votre clart\u00e9 et votre confiance financi\u00e8res par le biais d&rsquo;une formation, d&rsquo;une r\u00e9flexion guid\u00e9e et de l&rsquo;\u00e9laboration d&rsquo;une strat\u00e9gie personnalis\u00e9e. Le coaching<strong> ne remplace pas les services de conseil financier<\/strong> et n&rsquo;implique pas de recommandations d&rsquo;investissement ou de vente de produits.<\/p>\t\t\t\t\t\t\t\t<\/div>\n\t\t\t\t<div class=\"elementor-element elementor-element-d0b9be8 elementor-widget elementor-widget-text-editor\" data-id=\"d0b9be8\" data-element_type=\"widget\" data-e-type=\"widget\" data-widget_type=\"text-editor.default\">\n\t\t\t\t\t\t\t\t\t<p>Vos d\u00e9cisions et vos actions restent de votre responsabilit\u00e9. En participant au coaching, vous reconnaissez que les r\u00e9sultats ne peuvent \u00eatre garantis.<\/p>\t\t\t\t\t\t\t\t<\/div>\n\t\t\t\t<div class=\"elementor-element elementor-element-35ba5ad elementor-widget elementor-widget-heading\" data-id=\"35ba5ad\" data-element_type=\"widget\" data-e-type=\"widget\" data-widget_type=\"heading.default\">\n\t\t\t\t\t<h2 class=\"elementor-heading-title elementor-size-default\">3. Relations avec les affili\u00e9s<\/h2>\t\t\t\t<\/div>\n\t\t\t\t<div class=\"elementor-element elementor-element-d53833f content elementor-widget elementor-widget-text-editor\" data-id=\"d53833f\" data-element_type=\"widget\" data-e-type=\"widget\" data-widget_type=\"text-editor.default\">\n\t\t\t\t\t\t\t\t\t<p>Certains liens sur ce site web peuvent \u00eatre des liens d&rsquo;affiliation. Cela signifie que nous pouvons percevoir une commission &#8211; sans frais suppl\u00e9mentaires pour vous &#8211; si vous d\u00e9cidez d&rsquo;effectuer un achat par l&rsquo;interm\u00e9diaire de ces liens.<\/p>\t\t\t\t\t\t\t\t<\/div>\n\t\t\t\t<div class=\"elementor-element elementor-element-e11de42 content elementor-widget elementor-widget-text-editor\" data-id=\"e11de42\" data-element_type=\"widget\" data-e-type=\"widget\" data-widget_type=\"text-editor.default\">\n\t\t\t\t\t\t\t\t\t<p>Nous ne faisons la promotion que de produits, d&rsquo;outils ou de services auxquels nous croyons et que nous utilisons souvent nous-m\u00eames. Tout contenu sponsoris\u00e9 ou affili\u00e9 sera clairement identifi\u00e9.<\/p>\t\t\t\t\t\t\t\t<\/div>\n\t\t\t\t<div class=\"elementor-element elementor-element-dde0f06 content elementor-widget elementor-widget-text-editor\" data-id=\"dde0f06\" data-element_type=\"widget\" data-e-type=\"widget\" data-widget_type=\"text-editor.default\">\n\t\t\t\t\t\t\t\t\t<p><strong>Nous reconnaissons \u00e9galement que notre parcours a \u00e9t\u00e9 fa\u00e7onn\u00e9 par des privil\u00e8ges et des opportunit\u00e9s qui ne refl\u00e8tent pas n\u00e9cessairement l&rsquo;exp\u00e9rience de tout le monde. Nous nous effor\u00e7ons d&rsquo;\u00eatre transparents sur ce contexte.<\/strong><\/p>\t\t\t\t\t\t\t\t<\/div>\n\t\t\t\t<div class=\"elementor-element elementor-element-3283f28 elementor-widget elementor-widget-text-editor\" data-id=\"3283f28\" data-element_type=\"widget\" data-e-type=\"widget\" data-widget_type=\"text-editor.default\">\n\t\t\t\t\t\t\t\t\t<p>Vous pouvez en savoir plus en consultant notre article archiv\u00e9 sur la transparence (le lien sera mis \u00e0 jour lorsque l&rsquo;article archiv\u00e9 sera publi\u00e9).<\/p>\t\t\t\t\t\t\t\t<\/div>\n\t\t\t\t<div class=\"elementor-element elementor-element-b319542 elementor-widget elementor-widget-heading\" data-id=\"b319542\" data-element_type=\"widget\" data-e-type=\"widget\" data-widget_type=\"heading.default\">\n\t\t\t\t\t<h2 class=\"elementor-heading-title elementor-size-default\">4. Contenu externe<\/h2>\t\t\t\t<\/div>\n\t\t\t\t<div class=\"elementor-element elementor-element-9f7a180 elementor-widget elementor-widget-text-editor\" data-id=\"9f7a180\" data-element_type=\"widget\" data-e-type=\"widget\" data-widget_type=\"text-editor.default\">\n\t\t\t\t\t\t\t\t\t<p>Nous pouvons occasionnellement \u00e9tablir des liens avec des sites web de tiers ou partager du contenu invit\u00e9. Nous ne sommes pas responsables de l&rsquo;exactitude, du contenu ou des pratiques de confidentialit\u00e9 de ces sites externes.<\/p>\t\t\t\t\t\t\t\t<\/div>\n\t\t\t\t<div class=\"elementor-element elementor-element-9aa4af7 elementor-widget elementor-widget-heading\" data-id=\"9aa4af7\" data-element_type=\"widget\" data-e-type=\"widget\" data-widget_type=\"heading.default\">\n\t\t\t\t\t<h2 class=\"elementor-heading-title elementor-size-default\">5. Modifications de la pr\u00e9sente clause de non-responsabilit\u00e9<\/h2>\t\t\t\t<\/div>\n\t\t\t\t<div class=\"elementor-element elementor-element-aefca1e elementor-widget elementor-widget-text-editor\" data-id=\"aefca1e\" data-element_type=\"widget\" data-e-type=\"widget\" data-widget_type=\"text-editor.default\">\n\t\t\t\t\t\t\t\t\t<p>Nous pouvons mettre \u00e0 jour cette clause de non-responsabilit\u00e9 si n\u00e9cessaire. La derni\u00e8re version sera toujours affich\u00e9e ici.<\/p>\t\t\t\t\t\t\t\t<\/div>\n\t\t\t\t\t<\/div>\n\t\t\t\t<\/div>\n\t\t\t\t<\/div>\n\t\t","protected":false},"excerpt":{"rendered":"<p>Clause de non-responsabilit\u00e9 Derni\u00e8re mise \u00e0 jour : Mai 2025 Modest Millionaires (\u00ab\u00a0nous\u00a0\u00bb, \u00ab\u00a0notre\u00a0\u00bb ou \u00ab\u00a0nos\u00a0\u00bb) fournit du contenu, des ressources et des services de coaching \u00e0 des fins \u00e9ducatives et informatives uniquement. En acc\u00e9dant \u00e0 ce site web ou en utilisant nos services, vous acceptez les conditions ci-dessous. 1. Pas de conseil financier Le [&hellip;]<\/p>\n","protected":false},"author":1,"featured_media":0,"parent":0,"menu_order":0,"comment_status":"closed","ping_status":"closed","template":"","meta":{"_acf_changed":false,"footnotes":""},"class_list":["post-6026","page","type-page","status-publish","hentry"],"acf":[],"_links":{"self":[{"href":"https:\/\/modestmillionaires.com\/fr\/wp-json\/wp\/v2\/pages\/6026","targetHints":{"allow":["GET"]}}],"collection":[{"href":"https:\/\/modestmillionaires.com\/fr\/wp-json\/wp\/v2\/pages"}],"about":[{"href":"https:\/\/modestmillionaires.com\/fr\/wp-json\/wp\/v2\/types\/page"}],"author":[{"embeddable":true,"href":"https:\/\/modestmillionaires.com\/fr\/wp-json\/wp\/v2\/users\/1"}],"replies":[{"embeddable":true,"href":"https:\/\/modestmillionaires.com\/fr\/wp-json\/wp\/v2\/comments?post=6026"}],"version-history":[{"count":1,"href":"https:\/\/modestmillionaires.com\/fr\/wp-json\/wp\/v2\/pages\/6026\/revisions"}],"predecessor-version":[{"id":6027,"href":"https:\/\/modestmillionaires.com\/fr\/wp-json\/wp\/v2\/pages\/6026\/revisions\/6027"}],"wp:attachment":[{"href":"https:\/\/modestmillionaires.com\/fr\/wp-json\/wp\/v2\/media?parent=6026"}],"curies":[{"name":"wp","href":"https:\/\/api.w.org\/{rel}","templated":true}]}}